{"id":14102,"date":"2026-02-20T18:04:45","date_gmt":"2026-02-20T18:04:45","guid":{"rendered":"https:\/\/control1.webempire.hu\/?page_id=14102"},"modified":"2026-03-19T09:12:03","modified_gmt":"2026-03-19T09:12:03","slug":"video","status":"publish","type":"page","link":"https:\/\/control1.webempire.hu\/?page_id=14102","title":{"rendered":"Vide\u00f3k"},"content":{"rendered":"<div class=\"wpb-content-wrapper\"><p>[vc_row][vc_column]<div class=\"clearboth\"><\/div><style>#thegem-divider-69f59f84d0e8b {margin-top: 60px !important;}<\/style><div id=\"thegem-divider-69f59f84d0e8b\" class=\"gem-divider  \" style=\"\" ><\/div>[\/vc_column][\/vc_row][vc_row equal_height=&#8221;yes&#8221; css=&#8221;.vc_custom_1769414357829{padding-right: 40px !important;padding-left: 40px !important;}&#8221;][vc_column css=&#8221;.vc_custom_1765357202064{margin-right: 5px !important;margin-left: 5px !important;padding-right: 0px !important;padding-left: 0px !important;}&#8221;]<div class=\"clearboth\"><\/div><style>#thegem-divider-69f59f84d0eb2 {margin-top: 60px !important;}<\/style><div id=\"thegem-divider-69f59f84d0eb2\" class=\"gem-divider  \" style=\"\" ><\/div>[vc_column_text css=&#8221;&#8221;]<\/p>\n<h1 style=\"text-align: center;\">Vide\u00f3k<\/h1>\n<p>[\/vc_column_text]<div class=\"clearboth\"><\/div><style>#thegem-divider-69f59f84d0ec4 {margin-top: 60px !important;}<\/style><div id=\"thegem-divider-69f59f84d0ec4\" class=\"gem-divider  \" style=\"\" ><\/div>[vc_column_text css=&#8221;&#8221;]<\/p>\n<p style=\"text-align: center;\">\u00c9rdekli a kontrolling? Szeretne t\u00f6bbet tudni a p\u00e9nz\u00fcgyileg sikeres v\u00e1llalkoz\u00e1svezet\u00e9s kulisszatitkair\u00f3l?<\/p>\n<p style=\"text-align: center;\">Al\u00e1bbi vide\u00f3inkban Dobai Tam\u00e1s, kontroller osztja meg tapasztalatait.<\/p>\n<p style=\"text-align: center;\">N\u00e9zze meg \u00d6n is, \u00e9s ha k\u00e9rd\u00e9sei mer\u00fcltek fel, keressen benn\u00fcnket bizalommal!<\/p>\n<p>[\/vc_column_text]<div class=\"clearboth\"><\/div><style>#thegem-divider-69f59f84d0ed2 {margin-top: 60px !important;}<\/style><div id=\"thegem-divider-69f59f84d0ed2\" class=\"gem-divider  \" style=\"\" ><\/div><div class=\"gem-video gem-wrapbox gem-wrapbox-style-no-style rounded-corners gem-wrapbox-position-below\" style=\"width: 100%;\"><div class=\"gem-wrapbox-inner video-block gem-ratio-style\" style=\"padding-top: 56.25%\"><video width=\"100%\" height=\"100%\" controls=\"controls\" src=\"https:\/\/youtu.be\/-DU0RwGn5YA\"  preload=\"none\"><\/video><\/div><\/div><div class=\"clearboth\"><\/div><style>#thegem-divider-69f59f84d0efe {margin-top: 60px !important;}<\/style><div id=\"thegem-divider-69f59f84d0efe\" class=\"gem-divider  \" style=\"\" ><\/div><div class=\"gem-video gem-wrapbox gem-wrapbox-style-no-style rounded-corners gem-wrapbox-position-below\" style=\"width: 100%;\"><div class=\"gem-wrapbox-inner video-block gem-ratio-style\" style=\"padding-top: 56.25%\"><video width=\"100%\" height=\"100%\" controls=\"controls\" src=\"https:\/\/youtu.be\/slP2S65rrak\"  preload=\"none\"><\/video><\/div><\/div><div class=\"clearboth\"><\/div><style>#thegem-divider-69f59f84d0f17 {margin-top: 60px !important;}<\/style><div id=\"thegem-divider-69f59f84d0f17\" class=\"gem-divider  \" style=\"\" ><\/div><div class=\"gem-video gem-wrapbox gem-wrapbox-style-no-style rounded-corners gem-wrapbox-position-below\" style=\"width: 100%;\"><div class=\"gem-wrapbox-inner video-block gem-ratio-style\" style=\"padding-top: 56.25%\"><video width=\"100%\" height=\"100%\" controls=\"controls\" src=\"https:\/\/youtu.be\/u99CZ_q-XTg\"  preload=\"none\"><\/video><\/div><\/div><div class=\"clearboth\"><\/div><style>#thegem-divider-69f59f84d0f2d {margin-top: 60px !important;}<\/style><div id=\"thegem-divider-69f59f84d0f2d\" class=\"gem-divider  \" style=\"\" ><\/div><div class=\"gem-video gem-wrapbox gem-wrapbox-style-no-style rounded-corners gem-wrapbox-position-below\" style=\"width: 100%;\"><div class=\"gem-wrapbox-inner video-block gem-ratio-style\" style=\"padding-top: 56.25%\"><video width=\"100%\" height=\"100%\" controls=\"controls\" src=\"https:\/\/youtu.be\/SmdZAq9AXi4\"  preload=\"none\"><\/video><\/div><\/div><div class=\"clearboth\"><\/div><style>#thegem-divider-69f59f84d0f41 {margin-top: 60px !important;}<\/style><div id=\"thegem-divider-69f59f84d0f41\" class=\"gem-divider  \" style=\"\" ><\/div><div class=\"gem-video gem-wrapbox gem-wrapbox-style-no-style rounded-corners gem-wrapbox-position-below\" style=\"width: 100%;\"><div class=\"gem-wrapbox-inner video-block gem-ratio-style\" style=\"padding-top: 56.25%\"><video width=\"100%\" height=\"100%\" controls=\"controls\" src=\"https:\/\/www.youtube.com\/watch?v=M7BFsXy0kKs&amp;t=12s\"  preload=\"none\"><\/video><\/div><\/div><div class=\"clearboth\"><\/div><style>#thegem-divider-69f59f84d0f56 {margin-top: 60px !important;}<\/style><div id=\"thegem-divider-69f59f84d0f56\" class=\"gem-divider  \" style=\"\" ><\/div><div class=\"gem-video gem-wrapbox gem-wrapbox-style-no-style rounded-corners gem-wrapbox-position-below\" style=\"width: 100%;\"><div class=\"gem-wrapbox-inner video-block gem-ratio-style\" style=\"padding-top: 56.25%\"><video width=\"100%\" height=\"100%\" controls=\"controls\" src=\"https:\/\/www.youtube.com\/watch?v=oeKIZ6BGY2E&amp;t=46s\"  preload=\"none\"><\/video><\/div><\/div><div class=\"clearboth\"><\/div><style>#thegem-divider-69f59f84d0f69 {margin-top: 60px !important;}<\/style><div id=\"thegem-divider-69f59f84d0f69\" class=\"gem-divider  \" style=\"\" ><\/div><div class=\"gem-video gem-wrapbox gem-wrapbox-style-no-style rounded-corners gem-wrapbox-position-below\" style=\"width: 100%;\"><div class=\"gem-wrapbox-inner video-block gem-ratio-style\" style=\"padding-top: 56.25%\"><video width=\"100%\" height=\"100%\" controls=\"controls\" src=\"https:\/\/www.youtube.com\/watch?v=ZDxBXHkxzHQ&amp;t=15s\"  preload=\"none\"><\/video><\/div><\/div><div class=\"clearboth\"><\/div><style>#thegem-divider-69f59f84d0f7d {margin-top: 60px !important;}<\/style><div id=\"thegem-divider-69f59f84d0f7d\" class=\"gem-divider  \" style=\"\" ><\/div><div class=\"gem-video gem-wrapbox gem-wrapbox-style-no-style rounded-corners gem-wrapbox-position-below\" style=\"width: 100%;\"><div class=\"gem-wrapbox-inner video-block gem-ratio-style\" style=\"padding-top: 56.25%\"><video width=\"100%\" height=\"100%\" controls=\"controls\" src=\"https:\/\/www.youtube.com\/watch?v=emKuicDDAq0&amp;t=11s\"  preload=\"none\"><\/video><\/div><\/div><div class=\"clearboth\"><\/div><style>#thegem-divider-69f59f84d0f90 {margin-top: 60px !important;}<\/style><div id=\"thegem-divider-69f59f84d0f90\" class=\"gem-divider  \" style=\"\" ><\/div><div class=\"gem-video gem-wrapbox gem-wrapbox-style-no-style rounded-corners gem-wrapbox-position-below\" style=\"width: 100%;\"><div class=\"gem-wrapbox-inner video-block gem-ratio-style\" style=\"padding-top: 56.25%\"><video width=\"100%\" height=\"100%\" controls=\"controls\" src=\"https:\/\/www.youtube.com\/watch?v=7Fw9rgoiq50&amp;t=8s\"  preload=\"none\"><\/video><\/div><\/div><div class=\"clearboth\"><\/div><style>#thegem-divider-69f59f84d0fa3 {margin-top: 60px !important;}<\/style><div id=\"thegem-divider-69f59f84d0fa3\" class=\"gem-divider  \" style=\"\" ><\/div><div class=\"clearboth\"><\/div><style>#thegem-divider-69f59f84d0fac {margin-top: 60px !important;}<\/style><div id=\"thegem-divider-69f59f84d0fac\" class=\"gem-divider  \" style=\"\" ><\/div><div class=\"gem-video gem-wrapbox gem-wrapbox-style-no-style rounded-corners gem-wrapbox-position-below\" style=\"width: 100%;\"><div class=\"gem-wrapbox-inner video-block gem-ratio-style\" style=\"padding-top: 56.25%\"><video width=\"100%\" height=\"100%\" controls=\"controls\" src=\"https:\/\/www.youtube.com\/watch?v=pLO9dq0gSDo&amp;t=7s\"  preload=\"none\"><\/video><\/div><\/div><div class=\"clearboth\"><\/div><style>#thegem-divider-69f59f84d0fbf {margin-top: 60px !important;}<\/style><div id=\"thegem-divider-69f59f84d0fbf\" class=\"gem-divider  \" style=\"\" ><\/div><div class=\"gem-video gem-wrapbox gem-wrapbox-style-no-style rounded-corners gem-wrapbox-position-below\" style=\"width: 100%;\"><div class=\"gem-wrapbox-inner video-block gem-ratio-style\" style=\"padding-top: 56.25%\"><video width=\"100%\" height=\"100%\" controls=\"controls\" src=\"https:\/\/www.youtube.com\/watch?v=bYjOxWoAh6g&amp;t=8s\"  preload=\"none\"><\/video><\/div><\/div><div class=\"clearboth\"><\/div><style>#thegem-divider-69f59f84d0fd0 {margin-top: 60px !important;}<\/style><div id=\"thegem-divider-69f59f84d0fd0\" class=\"gem-divider  \" style=\"\" ><\/div><div class=\"gem-video gem-wrapbox gem-wrapbox-style-no-style rounded-corners gem-wrapbox-position-below\" style=\"width: 100%;\"><div class=\"gem-wrapbox-inner video-block gem-ratio-style\" style=\"padding-top: 56.25%\"><video width=\"100%\" height=\"100%\" controls=\"controls\" src=\"https:\/\/www.youtube.com\/watch?v=0_oJMxAytog&amp;t=9s\"  preload=\"none\"><\/video><\/div><\/div><div class=\"clearboth\"><\/div><style>#thegem-divider-69f59f84d0fe1 {margin-top: 60px !important;}<\/style><div id=\"thegem-divider-69f59f84d0fe1\" class=\"gem-divider  \" style=\"\" ><\/div><div class=\"gem-video gem-wrapbox gem-wrapbox-style-no-style rounded-corners gem-wrapbox-position-below\" style=\"width: 100%;\"><div class=\"gem-wrapbox-inner video-block gem-ratio-style\" style=\"padding-top: 56.25%\"><video width=\"100%\" height=\"100%\" controls=\"controls\" src=\"https:\/\/www.youtube.com\/watch?v=hjtabMS2T6c&amp;t=9s\"  preload=\"none\"><\/video><\/div><\/div><div class=\"clearboth\"><\/div><style>#thegem-divider-69f59f84d0ff2 {margin-top: 60px !important;}<\/style><div id=\"thegem-divider-69f59f84d0ff2\" class=\"gem-divider  \" style=\"\" ><\/div><div class=\"gem-video gem-wrapbox gem-wrapbox-style-no-style rounded-corners gem-wrapbox-position-below\" style=\"width: 100%;\"><div class=\"gem-wrapbox-inner video-block gem-ratio-style\" style=\"padding-top: 56.25%\"><video width=\"100%\" height=\"100%\" controls=\"controls\" src=\"https:\/\/www.youtube.com\/watch?v=i1PYMTkQzm0&amp;t=9s\"  preload=\"none\"><\/video><\/div><\/div><div class=\"clearboth\"><\/div><style>#thegem-divider-69f59f84d1003 {margin-top: 60px !important;}<\/style><div id=\"thegem-divider-69f59f84d1003\" class=\"gem-divider  \" style=\"\" ><\/div><div class=\"gem-video gem-wrapbox gem-wrapbox-style-no-style rounded-corners gem-wrapbox-position-below\" style=\"width: 100%;\"><div class=\"gem-wrapbox-inner video-block gem-ratio-style\" style=\"padding-top: 56.25%\"><video width=\"100%\" height=\"100%\" controls=\"controls\" src=\"https:\/\/www.youtube.com\/watch?v=JZqnQkzoR7g&amp;t=14s\"  preload=\"none\"><\/video><\/div><\/div><div class=\"clearboth\"><\/div><style>#thegem-divider-69f59f84d1013 {margin-top: 60px !important;}<\/style><div id=\"thegem-divider-69f59f84d1013\" class=\"gem-divider  \" style=\"\" ><\/div>[\/vc_column][\/vc_row][vc_row full_width=&#8221;stretch_row&#8221; equal_height=&#8221;yes&#8221; css=&#8221;.vc_custom_1765359518417{margin-bottom: 0px !important;background-image: url(https:\/\/control1.webempire.hu\/wp-content\/uploads\/2025\/12\/testimonials_bg.jpg?id=13449) !important;}&#8221; el_id=&#8221;kapcsolat&#8221;][vc_column disable_custom_paddings_tablet=&#8221;true&#8221; disable_custom_paddings_mobile=&#8221;true&#8221; css=&#8221;.vc_custom_1765355500534{padding-right: 0px !important;padding-bottom: 60px !important;padding-left: 0px !important;}&#8221;]<div class=\"clearboth\"><\/div><style>#thegem-divider-69f59f84d101c {margin-top: 70px !important;}<\/style><div id=\"thegem-divider-69f59f84d101c\" class=\"gem-divider  \" style=\"\" ><\/div>[vc_column_text css=&#8221;&#8221;]<\/p>\n<div class=\"title-h2\" style=\"text-align: center;\"><span style=\"color: #ffffff;\">L\u00e9pjen kapcsolatba vel\u00fcnk!<\/span><\/div>\n<p>[\/vc_column_text]<div class=\"clearboth\"><\/div><style>#thegem-divider-69f59f84d1024 {margin-top: 70px !important;}<\/style><div id=\"thegem-divider-69f59f84d1024\" class=\"gem-divider  \" style=\"\" ><\/div>[vc_row_inner][vc_column_inner width=&#8221;1\/6&#8243; css=&#8221;.vc_custom_1765359451656{background-position: center !important;background-repeat: no-repeat !important;background-size: cover !important;}&#8221;][\/vc_column_inner][vc_column_inner width=&#8221;2\/3&#8243;]\n<div class=\"wpcf7 no-js\" id=\"wpcf7-f36-o1\" lang=\"en-US\" dir=\"ltr\" data-wpcf7-id=\"36\">\n<div class=\"screen-reader-response\"><p role=\"status\" aria-live=\"polite\" aria-atomic=\"true\"><\/p> <ul><\/ul><\/div>\n<form action=\"\/index.php?rest_route=%2Fwp%2Fv2%2Fpages%2F14102#wpcf7-f36-o1\" method=\"post\" class=\"wpcf7-form init\" aria-label=\"Contact form\" novalidate=\"novalidate\" data-status=\"init\">\n<fieldset class=\"hidden-fields-container\"><input type=\"hidden\" name=\"_wpcf7\" value=\"36\" \/><input type=\"hidden\" name=\"_wpcf7_version\" value=\"6.1.5\" \/><input type=\"hidden\" name=\"_wpcf7_locale\" value=\"en_US\" \/><input type=\"hidden\" name=\"_wpcf7_unit_tag\" value=\"wpcf7-f36-o1\" \/><input type=\"hidden\" name=\"_wpcf7_container_post\" value=\"0\" \/><input type=\"hidden\" name=\"_wpcf7_posted_data_hash\" value=\"\" \/>\n<\/fieldset>\n<div class=\"contact-form\" style=\"width: 70%; margin: 0 auto;\">\n\n  <div class=\"col-lg-12 col-md-12 col-xs-12\" style=\"margin-bottom:20px; justify-content: center;\"><p>Megsz\u00f3l\u00edt\u00e1s*<\/p><span class=\"wpcf7-form-control-wrap\" data-name=\"megszolitas\"><span class=\"wpcf7-form-control wpcf7-radio\"><span class=\"wpcf7-list-item first\"><label><input type=\"radio\" name=\"megszolitas\" value=\"H\u00f6lgy\" checked=\"checked\" \/><span class=\"wpcf7-list-item-label\">H\u00f6lgy<\/span><\/label><\/span><span class=\"wpcf7-list-item last\"><label><input type=\"radio\" name=\"megszolitas\" value=\"\u00dar\" \/><span class=\"wpcf7-list-item-label\">\u00dar<\/span><\/label><\/span><\/span><\/span>\n  <\/div>\n\n  <div class=\"col-lg-6 col-md-6 col-xs-12\" style=\"margin-bottom:20px;\"><span class=\"wpcf7-form-control-wrap\" data-name=\"your-name\"><input size=\"40\" maxlength=\"400\" class=\"wpcf7-form-control wpcf7-text wpcf7-validates-as-required\" aria-required=\"true\" aria-invalid=\"false\" placeholder=\"N\u00e9v*\" value=\"\" type=\"text\" name=\"your-name\" \/><\/span>\n  <\/div>\n\n<div class=\"col-lg-6 col-md-6 col-xs-12\" style=\"margin-bottom:20px;\"><span class=\"wpcf7-form-control-wrap\" data-name=\"company\"><input size=\"40\" maxlength=\"400\" class=\"wpcf7-form-control wpcf7-text wpcf7-validates-as-required\" aria-required=\"true\" aria-invalid=\"false\" placeholder=\"C\u00e9gn\u00e9v*\" value=\"\" type=\"text\" name=\"company\" \/><\/span>\n  <\/div>\n\n  <div class=\"col-lg-6 col-md-6 col-xs-12\" style=\"margin-bottom:20px;\"><span class=\"wpcf7-form-control-wrap\" data-name=\"your-email\"><input size=\"40\" maxlength=\"400\" class=\"wpcf7-form-control wpcf7-email wpcf7-validates-as-required wpcf7-text wpcf7-validates-as-email\" aria-required=\"true\" aria-invalid=\"false\" placeholder=\"E-mail*\" value=\"\" type=\"email\" name=\"your-email\" \/><\/span>\n  <\/div>\n\n  <div class=\"col-lg-6 col-md-6 col-xs-12\" style=\"margin-bottom:20px;\"><span class=\"wpcf7-form-control-wrap\" data-name=\"tel-486\"><input size=\"40\" maxlength=\"400\" class=\"wpcf7-form-control wpcf7-tel wpcf7-validates-as-required wpcf7-text wpcf7-validates-as-tel\" aria-required=\"true\" aria-invalid=\"false\" placeholder=\"Telefon*\" value=\"\" type=\"tel\" name=\"tel-486\" \/><\/span>\n  <\/div>\n\n  <div class=\"col-lg-12 col-md-12 col-xs-12\" style=\"margin-bottom:20px; justify-content: center;\"><p>Prefer\u00e1lt kapcsolatfelv\u00e9teli m\u00f3d*<\/p> <span class=\"wpcf7-form-control-wrap\" data-name=\"kapcsolati_mod\"><span class=\"wpcf7-form-control wpcf7-radio\"><span class=\"wpcf7-list-item first\"><label><input type=\"radio\" name=\"kapcsolati_mod\" value=\"E-mail\" checked=\"checked\" \/><span class=\"wpcf7-list-item-label\">E-mail<\/span><\/label><\/span><span class=\"wpcf7-list-item last\"><label><input type=\"radio\" name=\"kapcsolati_mod\" value=\"Telefon\" \/><span class=\"wpcf7-list-item-label\">Telefon<\/span><\/label><\/span><\/span><\/span>\n  <\/div>\n     \n  <div class=\"col-lg-12 col-md-12 col-xs-12\" style=\"margin-bottom:20px;\"><span class=\"wpcf7-form-control-wrap\" data-name=\"your-message\"><input size=\"40\" maxlength=\"400\" class=\"wpcf7-form-control wpcf7-text\" aria-invalid=\"false\" placeholder=\"\u00dczenet\" value=\"\" type=\"text\" name=\"your-message\" \/><\/span>\n  <\/div>\n\n  <div class=\"col-lg-12 col-md-12 col-xs-12\" style=\"margin-bottom:40px; justify-content: center;\"><span class=\"wpcf7-form-control-wrap\" data-name=\"acceptance-816\"><span class=\"wpcf7-form-control wpcf7-acceptance\"><span class=\"wpcf7-list-item\"><label><input type=\"checkbox\" name=\"acceptance-816\" value=\"1\" aria-invalid=\"false\" \/><span class=\"wpcf7-list-item-label\"><a href=\"https:\/\/control1.webempire.hu\/wp-content\/uploads\/2026\/03\/Adatkezelesi-tajekoztato_HU.pdf\">Adatv\u00e9delmi t\u00e1j\u00e9koztat\u00f3t elfogadom.<\/a><\/span><\/label><\/span><\/span><\/span>\n  <\/div>\n  \n  <div class=\"col-lg-6 col-md-6 col-xs-6\" style=\"display: flex; justify-content: center;\"><input class=\"wpcf7-form-control wpcf7-submit has-spinner\" type=\"submit\" value=\"K\u00fcld\u00e9s\" \/>\n  <\/div>\n\n<\/div><div class=\"wpcf7-response-output\" aria-hidden=\"true\"><\/div>\n<\/form>\n<\/div>\n[\/vc_column_inner][vc_column_inner width=&#8221;1\/6&#8243;][\/vc_column_inner][\/vc_row_inner][\/vc_column][\/vc_row]<\/p>\n<\/div>","protected":false},"excerpt":{"rendered":"<p>[vc_row][vc_column][\/vc_column][\/vc_row][vc_row equal_height=&#8221;yes&#8221; css=&#8221;.vc_custom_1769414357829{padding-right: 40px !important;padding-left: 40px !important;}&#8221;][vc_column css=&#8221;.vc_custom_1765357202064{margin-right: 5px !important;margin-left:&#8230;<\/p>\n","protected":false},"author":1,"featured_media":0,"parent":0,"menu_order":0,"comment_status":"closed","ping_status":"closed","template":"","meta":{"footnotes":""},"class_list":["post-14102","page","type-page","status-publish"],"yoast_head":"<!-- This site is optimized with the Yoast SEO plugin v27.2 - https:\/\/yoast.com\/product\/yoast-seo-wordpress\/ -->\n<title>Vide\u00f3k - Control1<\/title>\n<meta name=\"description\" content=\"Dobai Tam\u00e1s, szak\u00e9rt\u0151 kontroller szakmai ir\u00e1nymutat\u00e1sai, kontrolling szeml\u00e9let\u0171, v\u00e1llalatvezet\u00e9st seg\u00edt\u0151 tippjei a kontrolling vide\u00f3kban.\" \/>\n<meta name=\"robots\" content=\"index, follow, max-snippet:-1, max-image-preview:large, max-video-preview:-1\" \/>\n<link rel=\"canonical\" href=\"https:\/\/control1.webempire.hu\/?page_id=14102\" \/>\n<meta property=\"og:locale\" content=\"hu_HU\" \/>\n<meta property=\"og:type\" content=\"article\" \/>\n<meta property=\"og:title\" content=\"Control1\" \/>\n<meta property=\"og:description\" content=\"Dobai Tam\u00e1s, szak\u00e9rt\u0151 kontroller szakmai ir\u00e1nymutat\u00e1sai, kontrolling szeml\u00e9let\u0171, v\u00e1llalatvezet\u00e9st seg\u00edt\u0151 tippjei a kontrolling vide\u00f3kban.\" \/>\n<meta property=\"og:url\" content=\"https:\/\/control1.webempire.hu\/?page_id=14102\" \/>\n<meta property=\"og:site_name\" content=\"Control1\" \/>\n<meta property=\"article:publisher\" content=\"https:\/\/www.facebook.com\/control1.hu\/\" \/>\n<meta property=\"article:modified_time\" content=\"2026-03-19T09:12:03+00:00\" \/>\n<meta property=\"og:image\" content=\"https:\/\/control1.webempire.hu\/wp-content\/uploads\/2026\/03\/Control1_yeost.jpg\" \/>\n\t<meta property=\"og:image:width\" content=\"1200\" \/>\n\t<meta property=\"og:image:height\" content=\"630\" \/>\n\t<meta property=\"og:image:type\" content=\"image\/jpeg\" \/>\n<meta name=\"twitter:card\" content=\"summary_large_image\" \/>\n<meta name=\"twitter:label1\" content=\"Becs\u00fclt olvas\u00e1si id\u0151\" \/>\n\t<meta name=\"twitter:data1\" content=\"1 perc\" \/>\n<script type=\"application\/ld+json\" class=\"yoast-schema-graph\">{\"@context\":\"https:\/\/schema.org\",\"@graph\":[{\"@type\":\"WebPage\",\"@id\":\"https:\/\/control1.webempire.hu\/?page_id=14102\",\"url\":\"https:\/\/control1.webempire.hu\/?page_id=14102\",\"name\":\"Vide\u00f3k - Control1\",\"isPartOf\":{\"@id\":\"https:\/\/control1.webempire.hu\/#website\"},\"datePublished\":\"2026-02-20T18:04:45+00:00\",\"dateModified\":\"2026-03-19T09:12:03+00:00\",\"description\":\"Dobai Tam\u00e1s, szak\u00e9rt\u0151 kontroller szakmai ir\u00e1nymutat\u00e1sai, kontrolling szeml\u00e9let\u0171, v\u00e1llalatvezet\u00e9st seg\u00edt\u0151 tippjei a kontrolling vide\u00f3kban.\",\"breadcrumb\":{\"@id\":\"https:\/\/control1.webempire.hu\/?page_id=14102#breadcrumb\"},\"inLanguage\":\"hu\",\"potentialAction\":[{\"@type\":\"ReadAction\",\"target\":[\"https:\/\/control1.webempire.hu\/?page_id=14102\"]}]},{\"@type\":\"BreadcrumbList\",\"@id\":\"https:\/\/control1.webempire.hu\/?page_id=14102#breadcrumb\",\"itemListElement\":[{\"@type\":\"ListItem\",\"position\":1,\"name\":\"Kezd\u0151lap\",\"item\":\"https:\/\/control1.webempire.hu\/\"},{\"@type\":\"ListItem\",\"position\":2,\"name\":\"Vide\u00f3k\"}]},{\"@type\":\"WebSite\",\"@id\":\"https:\/\/control1.webempire.hu\/#website\",\"url\":\"https:\/\/control1.webempire.hu\/\",\"name\":\"Control1\",\"description\":\"P\u00e9nz\u00fcgyi megold\u00e1s c\u00e9geknek, v\u00e1llalkoz\u00f3knak\",\"publisher\":{\"@id\":\"https:\/\/control1.webempire.hu\/#organization\"},\"potentialAction\":[{\"@type\":\"SearchAction\",\"target\":{\"@type\":\"EntryPoint\",\"urlTemplate\":\"https:\/\/control1.webempire.hu\/?s={search_term_string}\"},\"query-input\":{\"@type\":\"PropertyValueSpecification\",\"valueRequired\":true,\"valueName\":\"search_term_string\"}}],\"inLanguage\":\"hu\"},{\"@type\":\"Organization\",\"@id\":\"https:\/\/control1.webempire.hu\/#organization\",\"name\":\"Control1\",\"url\":\"https:\/\/control1.webempire.hu\/\",\"logo\":{\"@type\":\"ImageObject\",\"inLanguage\":\"hu\",\"@id\":\"https:\/\/control1.webempire.hu\/#\/schema\/logo\/image\/\",\"url\":\"https:\/\/control1.webempire.hu\/wp-content\/uploads\/2025\/11\/logo_control1-scaled.png\",\"contentUrl\":\"https:\/\/control1.webempire.hu\/wp-content\/uploads\/2025\/11\/logo_control1-scaled.png\",\"width\":2560,\"height\":692,\"caption\":\"Control1\"},\"image\":{\"@id\":\"https:\/\/control1.webempire.hu\/#\/schema\/logo\/image\/\"},\"sameAs\":[\"https:\/\/www.facebook.com\/control1.hu\/\",\"https:\/\/www.linkedin.com\/company\/control1\"]}]}<\/script>\n<!-- \/ Yoast SEO plugin. -->","yoast_head_json":{"title":"Vide\u00f3k - Control1","description":"Dobai Tam\u00e1s, szak\u00e9rt\u0151 kontroller szakmai ir\u00e1nymutat\u00e1sai, kontrolling szeml\u00e9let\u0171, v\u00e1llalatvezet\u00e9st seg\u00edt\u0151 tippjei a kontrolling vide\u00f3kban.","robots":{"index":"index","follow":"follow","max-snippet":"max-snippet:-1","max-image-preview":"max-image-preview:large","max-video-preview":"max-video-preview:-1"},"canonical":"https:\/\/control1.webempire.hu\/?page_id=14102","og_locale":"hu_HU","og_type":"article","og_title":"Control1","og_description":"Dobai Tam\u00e1s, szak\u00e9rt\u0151 kontroller szakmai ir\u00e1nymutat\u00e1sai, kontrolling szeml\u00e9let\u0171, v\u00e1llalatvezet\u00e9st seg\u00edt\u0151 tippjei a kontrolling vide\u00f3kban.","og_url":"https:\/\/control1.webempire.hu\/?page_id=14102","og_site_name":"Control1","article_publisher":"https:\/\/www.facebook.com\/control1.hu\/","article_modified_time":"2026-03-19T09:12:03+00:00","og_image":[{"width":1200,"height":630,"url":"https:\/\/control1.webempire.hu\/wp-content\/uploads\/2026\/03\/Control1_yeost.jpg","type":"image\/jpeg"}],"twitter_card":"summary_large_image","twitter_misc":{"Becs\u00fclt olvas\u00e1si id\u0151":"1 perc"},"schema":{"@context":"https:\/\/schema.org","@graph":[{"@type":"WebPage","@id":"https:\/\/control1.webempire.hu\/?page_id=14102","url":"https:\/\/control1.webempire.hu\/?page_id=14102","name":"Vide\u00f3k - Control1","isPartOf":{"@id":"https:\/\/control1.webempire.hu\/#website"},"datePublished":"2026-02-20T18:04:45+00:00","dateModified":"2026-03-19T09:12:03+00:00","description":"Dobai Tam\u00e1s, szak\u00e9rt\u0151 kontroller szakmai ir\u00e1nymutat\u00e1sai, kontrolling szeml\u00e9let\u0171, v\u00e1llalatvezet\u00e9st seg\u00edt\u0151 tippjei a kontrolling vide\u00f3kban.","breadcrumb":{"@id":"https:\/\/control1.webempire.hu\/?page_id=14102#breadcrumb"},"inLanguage":"hu","potentialAction":[{"@type":"ReadAction","target":["https:\/\/control1.webempire.hu\/?page_id=14102"]}]},{"@type":"BreadcrumbList","@id":"https:\/\/control1.webempire.hu\/?page_id=14102#breadcrumb","itemListElement":[{"@type":"ListItem","position":1,"name":"Kezd\u0151lap","item":"https:\/\/control1.webempire.hu\/"},{"@type":"ListItem","position":2,"name":"Vide\u00f3k"}]},{"@type":"WebSite","@id":"https:\/\/control1.webempire.hu\/#website","url":"https:\/\/control1.webempire.hu\/","name":"Control1","description":"P\u00e9nz\u00fcgyi megold\u00e1s c\u00e9geknek, v\u00e1llalkoz\u00f3knak","publisher":{"@id":"https:\/\/control1.webempire.hu\/#organization"},"potentialAction":[{"@type":"SearchAction","target":{"@type":"EntryPoint","urlTemplate":"https:\/\/control1.webempire.hu\/?s={search_term_string}"},"query-input":{"@type":"PropertyValueSpecification","valueRequired":true,"valueName":"search_term_string"}}],"inLanguage":"hu"},{"@type":"Organization","@id":"https:\/\/control1.webempire.hu\/#organization","name":"Control1","url":"https:\/\/control1.webempire.hu\/","logo":{"@type":"ImageObject","inLanguage":"hu","@id":"https:\/\/control1.webempire.hu\/#\/schema\/logo\/image\/","url":"https:\/\/control1.webempire.hu\/wp-content\/uploads\/2025\/11\/logo_control1-scaled.png","contentUrl":"https:\/\/control1.webempire.hu\/wp-content\/uploads\/2025\/11\/logo_control1-scaled.png","width":2560,"height":692,"caption":"Control1"},"image":{"@id":"https:\/\/control1.webempire.hu\/#\/schema\/logo\/image\/"},"sameAs":["https:\/\/www.facebook.com\/control1.hu\/","https:\/\/www.linkedin.com\/company\/control1"]}]}},"_links":{"self":[{"href":"https:\/\/control1.webempire.hu\/index.php?rest_route=\/wp\/v2\/pages\/14102","targetHints":{"allow":["GET"]}}],"collection":[{"href":"https:\/\/control1.webempire.hu\/index.php?rest_route=\/wp\/v2\/pages"}],"about":[{"href":"https:\/\/control1.webempire.hu\/index.php?rest_route=\/wp\/v2\/types\/page"}],"author":[{"embeddable":true,"href":"https:\/\/control1.webempire.hu\/index.php?rest_route=\/wp\/v2\/users\/1"}],"replies":[{"embeddable":true,"href":"https:\/\/control1.webempire.hu\/index.php?rest_route=%2Fwp%2Fv2%2Fcomments&post=14102"}],"version-history":[{"count":3,"href":"https:\/\/control1.webempire.hu\/index.php?rest_route=\/wp\/v2\/pages\/14102\/revisions"}],"predecessor-version":[{"id":14117,"href":"https:\/\/control1.webempire.hu\/index.php?rest_route=\/wp\/v2\/pages\/14102\/revisions\/14117"}],"wp:attachment":[{"href":"https:\/\/control1.webempire.hu\/index.php?rest_route=%2Fwp%2Fv2%2Fmedia&parent=14102"}],"curies":[{"name":"wp","href":"https:\/\/api.w.org\/{rel}","templated":true}]}}