{"id":14095,"date":"2026-02-20T17:37:24","date_gmt":"2026-02-20T17:37:24","guid":{"rendered":"https:\/\/control1.webempire.hu\/?page_id=14095"},"modified":"2026-03-19T09:15:37","modified_gmt":"2026-03-19T09:15:37","slug":"cikkek","status":"publish","type":"page","link":"https:\/\/control1.webempire.hu\/?page_id=14095","title":{"rendered":"Cikkek"},"content":{"rendered":"<div class=\"wpb-content-wrapper\"><p>[vc_row][vc_column]<div class=\"clearboth\"><\/div><style>#thegem-divider-69f59f804a45f {margin-top: 60px !important;}<\/style><div id=\"thegem-divider-69f59f804a45f\" class=\"gem-divider  \" style=\"\" ><\/div>[\/vc_column][\/vc_row][vc_row equal_height=&#8221;yes&#8221; css=&#8221;.vc_custom_1769414357829{padding-right: 40px !important;padding-left: 40px !important;}&#8221;][vc_column css=&#8221;.vc_custom_1765357202064{margin-right: 5px !important;margin-left: 5px !important;padding-right: 0px !important;padding-left: 0px !important;}&#8221;]<div class=\"clearboth\"><\/div><style>#thegem-divider-69f59f804a480 {margin-top: 60px !important;}<\/style><div id=\"thegem-divider-69f59f804a480\" class=\"gem-divider  \" style=\"\" ><\/div>[vc_column_text css=&#8221;&#8221;]<\/p>\n<h1 style=\"text-align: center;\">Cikkek<\/h1>\n<p>[\/vc_column_text]<div class=\"clearboth\"><\/div><style>#thegem-divider-69f59f804a48f {margin-top: 60px !important;}<\/style><div id=\"thegem-divider-69f59f804a48f\" class=\"gem-divider  \" style=\"\" ><\/div><div id=\"style-b28aae8\" data-style-uid=\"b28aae8\" class=\"blog blog-style-compact-tiny-1 clearfix item-animation-disabled pagination-normal\" data-next-page=\"2\" data-pages-count=\"8\"> <article id=\"post-4851\" class=\"with-separator clearfix post-4851 post type-post status-publish format-standard has-post-thumbnail category-kontrolling-cikk-hu\" style=\"margin-bottom:px;padding-bottom:px;\"> <div class=\"gem-compact-tiny-left\" > <div class=\"gem-compact-tiny-item-image\" style=\"border-radius:px\"> <a class=\"default\" href=\"https:\/\/control1.webempire.hu\/?p=4851\"><img width=\"366\" height=\"296\" src=\"https:\/\/control1.webempire.hu\/wp-content\/uploads\/2024\/07\/Strate\u0301giaalkota\u0301s-Control1-Dobai-Tama\u0301s-thegem-blog-compact.jpg\" class=\"img-responsive wp-post-image\" alt=\"Strate\u0301giaalkota\u0301s-Control1-Dobai-Tama\u0301s\" \/><\/a> <\/div> <\/div> <div class=\"gem-compact-tiny-right\"> <div class=\"gem-compact-item-content\"> <div class=\"gem-news-item-title main-menu-item\"><a class=\"\" href=\"https:\/\/control1.webempire.hu\/?p=4851\" rel=\"bookmark\" style=\"\">Mi\u00e9rt nem n\u00e9lk\u00fcl\u00f6zheti a strat\u00e9gi\u00e1t egyetlen v\u00e1llalkoz\u00e1s sem?<\/a><\/div> <div class=\"post-text\"> <div class=\"summary text-body-tiny\"> <p>Melyek a c\u00e9ged esszenci\u00e1lis \u00e9rt\u00e9kei? Milyen alapvet\u0151 kompetenci\u00e1kkal kell rendelkeznie a n\u00f6veked\u00e9s \u00e9rdek\u00e9ben? Milyen piacokat \u00e9s vev\u0151csoportokat fogsz megc\u00e9lozni?<\/p> <\/div> <\/div> <\/div> <div class=\"post-meta\"> <div class=\"entry-meta clearfix text-body-tiny\"> <div class=\"post-meta-left gem-news-item-date date-color\" > <\/div> <div class=\"post-meta-right\"> <\/div> <\/div><!-- .entry-meta --> <\/div> <\/div> <\/article><!-- #post-4851 --> <article id=\"post-1303\" class=\"with-separator clearfix post-1303 post type-post status-publish format-standard has-post-thumbnail category-kontrolling-cikk-hu\" style=\"margin-bottom:px;padding-bottom:px;\"> <div class=\"gem-compact-tiny-left\" > <div class=\"gem-compact-tiny-item-image\" style=\"border-radius:px\"> <a class=\"default\" href=\"https:\/\/control1.webempire.hu\/?p=1303\"><img width=\"366\" height=\"296\" src=\"https:\/\/control1.webempire.hu\/wp-content\/uploads\/2025\/12\/control1_egyszeri_uzleti_elemzes-thegem-blog-compact.jpg\" class=\"img-responsive wp-post-image\" alt=\"control1_egyszeri_uzleti_elemzes\" \/><\/a> <\/div> <\/div> <div class=\"gem-compact-tiny-right\"> <div class=\"gem-compact-item-content\"> <div class=\"gem-news-item-title main-menu-item\"><a class=\"\" href=\"https:\/\/control1.webempire.hu\/?p=1303\" rel=\"bookmark\" style=\"\">5 indok arra, mi\u00e9rt fontos c\u00e9gednek a projektmenedzsment<\/a><\/div> <div class=\"post-text\"> <div class=\"summary text-body-tiny\"> <p>A v\u00e1llalkoz\u00e1sok vil\u00e1g\u00e1ban a kontrolling szerepe \u00e9s jelent\u0151s\u00e9ge soha nem volt nagyobb, mint napjainkban. Ahhoz ugyanis, hogy egy c\u00e9g profit\u00e1bilis legyen \u00e9s sikeresen fejl\u0151dj\u00f6n, sz\u00fcks\u00e9g van a megfelel\u0151 strat\u00e9gi\u00e1k kidolgoz\u00e1s\u00e1ra, a c\u00e9lok meghat\u00e1roz\u00e1s\u00e1ra \u00e9s a folyamatok hat\u00e9kony ir\u00e1ny\u00edt\u00e1s\u00e1ra.<\/p> <\/div> <\/div> <\/div> <div class=\"post-meta\"> <div class=\"entry-meta clearfix text-body-tiny\"> <div class=\"post-meta-left gem-news-item-date date-color\" > <\/div> <div class=\"post-meta-right\"> <\/div> <\/div><!-- .entry-meta --> <\/div> <\/div> <\/article><!-- #post-1303 --> <article id=\"post-1295\" class=\"with-separator clearfix post-1295 post type-post status-publish format-standard has-post-thumbnail category-kontrolling-cikk-hu\" style=\"margin-bottom:px;padding-bottom:px;\"> <div class=\"gem-compact-tiny-left\" > <div class=\"gem-compact-tiny-item-image\" style=\"border-radius:px\"> <a class=\"default\" href=\"https:\/\/control1.webempire.hu\/?p=1295\"><img width=\"366\" height=\"296\" src=\"https:\/\/control1.webempire.hu\/wp-content\/uploads\/2025\/12\/control1_szolgaltatasok3-thegem-blog-compact.jpg\" class=\"img-responsive wp-post-image\" alt=\"control1_szolgaltatasok3\" \/><\/a> <\/div> <\/div> <div class=\"gem-compact-tiny-right\"> <div class=\"gem-compact-item-content\"> <div class=\"gem-news-item-title main-menu-item\"><a class=\"\" href=\"https:\/\/control1.webempire.hu\/?p=1295\" rel=\"bookmark\" style=\"\">Egy eszk\u00f6z, melyen a c\u00e9g sikere m\u00falthat, avagy mi f\u00e1n terem az \u00f6nk\u00f6lts\u00e9g-kalkul\u00e1ci\u00f3?<\/a><\/div> <div class=\"post-text\"> <div class=\"summary text-body-tiny\"> <p>Kontrolling tan\u00e1csad\u00f3k\u00e9nt meglep\u0151en gyakran tal\u00e1lkozunk azzal a jelens\u00e9ggel, hogy a hozz\u00e1nk fordul\u00f3 c\u00e9gvezet\u0151k nincsenek tiszt\u00e1ban az \u00e1ltaluk k\u00edn\u00e1lt term\u00e9kek vagy szolg\u00e1ltat\u00e1sok \u00f6nk\u00f6lts\u00e9g\u00e9vel. Hogy ez mi\u00e9rt probl\u00e9ma?<\/p> <\/div> <\/div> <\/div> <div class=\"post-meta\"> <div class=\"entry-meta clearfix text-body-tiny\"> <div class=\"post-meta-left gem-news-item-date date-color\" > <\/div> <div class=\"post-meta-right\"> <\/div> <\/div><!-- .entry-meta --> <\/div> <\/div> <\/article><!-- #post-1295 --> <article id=\"post-1216\" class=\"with-separator clearfix post-1216 post type-post status-publish format-standard has-post-thumbnail category-kontrolling-cikk-hu\" style=\"margin-bottom:px;padding-bottom:px;\"> <div class=\"gem-compact-tiny-left\" > <div class=\"gem-compact-tiny-item-image\" style=\"border-radius:px\"> <a class=\"default\" href=\"https:\/\/control1.webempire.hu\/?p=1216\"><img width=\"366\" height=\"296\" src=\"https:\/\/control1.webempire.hu\/wp-content\/uploads\/2025\/12\/conrtol1_tanacsadas-thegem-blog-compact.jpg\" class=\"img-responsive wp-post-image\" alt=\"conrtol1_tanacsadas\" \/><\/a> <\/div> <\/div> <div class=\"gem-compact-tiny-right\"> <div class=\"gem-compact-item-content\"> <div class=\"gem-news-item-title main-menu-item\"><a class=\"\" href=\"https:\/\/control1.webempire.hu\/?p=1216\" rel=\"bookmark\" style=\"\">Amikor a v\u00e1llalat viharban navig\u00e1l, avagy a kontrolling szerepe a v\u00e1ls\u00e1gkezel\u00e9sben<\/a><\/div> <div class=\"post-text\"> <div class=\"summary text-body-tiny\"> <p>A gazdas\u00e1gi k\u00f6rnyezet \u00e9s a piaci kih\u00edv\u00e1sok gyorsan v\u00e1ltoznak, a v\u00e1llalatvezet\u0151k pedig gyakran tal\u00e1lkoznak v\u00e1ratlan esem\u00e9nyekkel, amelyek zavar\u00f3ak lehetnek \u00e9s v\u00e1ls\u00e1ghelyzetet id\u00e9zhetnek el\u0151.<\/p> <\/div> <\/div> <\/div> <div class=\"post-meta\"> <div class=\"entry-meta clearfix text-body-tiny\"> <div class=\"post-meta-left gem-news-item-date date-color\" > <\/div> <div class=\"post-meta-right\"> <\/div> <\/div><!-- .entry-meta --> <\/div> <\/div> <\/article><!-- #post-1216 --> <article id=\"post-3724\" class=\"with-separator clearfix post-3724 post type-post status-publish format-standard has-post-thumbnail category-kontrolling-cikk-hu\" style=\"margin-bottom:px;padding-bottom:px;\"> <div class=\"gem-compact-tiny-left\" > <div class=\"gem-compact-tiny-item-image\" style=\"border-radius:px\"> <a class=\"default\" href=\"https:\/\/control1.webempire.hu\/?p=3724\"><img width=\"366\" height=\"296\" src=\"https:\/\/control1.webempire.hu\/wp-content\/uploads\/2023\/07\/20230713-Control1.hu-Kft.m-1-thegem-blog-compact.jpg\" class=\"img-responsive wp-post-image\" alt=\"20230713-Control1.hu-Kft.m-1\" \/><\/a> <\/div> <\/div> <div class=\"gem-compact-tiny-right\"> <div class=\"gem-compact-item-content\"> <div class=\"gem-news-item-title main-menu-item\"><a class=\"\" href=\"https:\/\/control1.webempire.hu\/?p=3724\" rel=\"bookmark\" style=\"\">A Control1.hu a p\u00e9nz\u00fcgyileg legstabilabb c\u00e9gek k\u00f6z\u00f6tt<\/a><\/div> <div class=\"post-text\"> <div class=\"summary text-body-tiny\"> <p>Nagy megtiszteltet\u00e9s c\u00e9g\u00fcnk sz\u00e1m\u00e1ra, hogy a Dun &#038; Bradstreet objekt\u00edv c\u00e9gmin\u0151s\u00edt\u00e9se alapj\u00e1n a legjobbak k\u00f6z\u00f6tt szerepelhet\u00fcnk. Nagy figyelmet ford\u00edtunk arra, hogy a piacon tisztess\u00e9gesen j\u00e1rjunk el, \u00edgy fontos sz\u00e1munkra, hogy egy k\u00fcls\u0151 szak\u00e9rt\u0151 is meger\u0151s\u00edtette, hogy c\u00e9g\u00fcnk fizet\u00e9sk\u00e9ptelens\u00e9gi val\u00f3sz\u00edn\u0171s\u00e9ge kiemelked\u0151en alacsony.<\/p> <\/div> <\/div> <\/div> <div class=\"post-meta\"> <div class=\"entry-meta clearfix text-body-tiny\"> <div class=\"post-meta-left gem-news-item-date date-color\" > <\/div> <div class=\"post-meta-right\"> <\/div> <\/div><!-- .entry-meta --> <\/div> <\/div> <\/article><!-- #post-3724 --> <\/div> <div class=\"portfolio-navigator gem-pagination\"> <a href=\"#\" class=\"prev\" style=\"display: none;\" aria-label=\"Prev\"> <i class=\"default\"><\/i> <\/a> <div class=\"pages\"> <a href=\"#\" data-page=\"1\" class=\"current\"> 1 <\/a> <a href=\"#\" data-page=\"2\" > 2 <\/a> <a href=\"#\" data-page=\"3\" > 3 <\/a> <a href=\"#\" data-page=\"4\" > 4 <\/a> <a href=\"#\" data-page=\"5\" > 5 <\/a> <a href=\"#\" data-page=\"6\" > 6 <\/a> <a href=\"#\" data-page=\"7\" > 7 <\/a> <a href=\"#\" data-page=\"8\" > 8 <\/a> <\/div> <a href=\"#\" class=\"next\" aria-label=\"Next\"> <i class=\"default\"><\/i> <\/a> <\/div><div class=\"clearboth\"><\/div><style>#thegem-divider-69f59f804fd16 {margin-top: 60px !important;}<\/style><div id=\"thegem-divider-69f59f804fd16\" class=\"gem-divider  \" style=\"\" ><\/div>[\/vc_column][\/vc_row][vc_row full_width=&#8221;stretch_row&#8221; equal_height=&#8221;yes&#8221; css=&#8221;.vc_custom_1765359518417{margin-bottom: 0px !important;background-image: url(https:\/\/control1.webempire.hu\/wp-content\/uploads\/2025\/12\/testimonials_bg.jpg?id=13449) !important;}&#8221; el_id=&#8221;kapcsolat&#8221;][vc_column disable_custom_paddings_tablet=&#8221;true&#8221; disable_custom_paddings_mobile=&#8221;true&#8221; css=&#8221;.vc_custom_1765355500534{padding-right: 0px !important;padding-bottom: 60px !important;padding-left: 0px !important;}&#8221;]<div class=\"clearboth\"><\/div><style>#thegem-divider-69f59f804fd2a {margin-top: 70px !important;}<\/style><div id=\"thegem-divider-69f59f804fd2a\" class=\"gem-divider  \" style=\"\" ><\/div>[vc_column_text css=&#8221;&#8221;]<\/p>\n<div class=\"title-h2\" style=\"text-align: center;\"><span style=\"color: #ffffff;\">L\u00e9pjen kapcsolatba vel\u00fcnk!<\/span><\/div>\n<p>[\/vc_column_text]<div class=\"clearboth\"><\/div><style>#thegem-divider-69f59f804fd35 {margin-top: 70px !important;}<\/style><div id=\"thegem-divider-69f59f804fd35\" class=\"gem-divider  \" style=\"\" ><\/div>[vc_row_inner][vc_column_inner]\n<div class=\"wpcf7 no-js\" id=\"wpcf7-f36-o1\" lang=\"en-US\" dir=\"ltr\" data-wpcf7-id=\"36\">\n<div class=\"screen-reader-response\"><p role=\"status\" aria-live=\"polite\" aria-atomic=\"true\"><\/p> <ul><\/ul><\/div>\n<form action=\"\/index.php?rest_route=%2Fwp%2Fv2%2Fpages%2F14095#wpcf7-f36-o1\" method=\"post\" class=\"wpcf7-form init\" aria-label=\"Contact form\" novalidate=\"novalidate\" data-status=\"init\">\n<fieldset class=\"hidden-fields-container\"><input type=\"hidden\" name=\"_wpcf7\" value=\"36\" \/><input type=\"hidden\" name=\"_wpcf7_version\" value=\"6.1.5\" \/><input type=\"hidden\" name=\"_wpcf7_locale\" value=\"en_US\" \/><input type=\"hidden\" name=\"_wpcf7_unit_tag\" value=\"wpcf7-f36-o1\" \/><input type=\"hidden\" name=\"_wpcf7_container_post\" value=\"0\" \/><input type=\"hidden\" name=\"_wpcf7_posted_data_hash\" value=\"\" \/>\n<\/fieldset>\n<div class=\"contact-form\" style=\"width: 70%; margin: 0 auto;\">\n\n  <div class=\"col-lg-12 col-md-12 col-xs-12\" style=\"margin-bottom:20px; justify-content: center;\"><p>Megsz\u00f3l\u00edt\u00e1s*<\/p><span class=\"wpcf7-form-control-wrap\" data-name=\"megszolitas\"><span class=\"wpcf7-form-control wpcf7-radio\"><span class=\"wpcf7-list-item first\"><label><input type=\"radio\" name=\"megszolitas\" value=\"H\u00f6lgy\" checked=\"checked\" \/><span class=\"wpcf7-list-item-label\">H\u00f6lgy<\/span><\/label><\/span><span class=\"wpcf7-list-item last\"><label><input type=\"radio\" name=\"megszolitas\" value=\"\u00dar\" \/><span class=\"wpcf7-list-item-label\">\u00dar<\/span><\/label><\/span><\/span><\/span>\n  <\/div>\n\n  <div class=\"col-lg-6 col-md-6 col-xs-12\" style=\"margin-bottom:20px;\"><span class=\"wpcf7-form-control-wrap\" data-name=\"your-name\"><input size=\"40\" maxlength=\"400\" class=\"wpcf7-form-control wpcf7-text wpcf7-validates-as-required\" aria-required=\"true\" aria-invalid=\"false\" placeholder=\"N\u00e9v*\" value=\"\" type=\"text\" name=\"your-name\" \/><\/span>\n  <\/div>\n\n<div class=\"col-lg-6 col-md-6 col-xs-12\" style=\"margin-bottom:20px;\"><span class=\"wpcf7-form-control-wrap\" data-name=\"company\"><input size=\"40\" maxlength=\"400\" class=\"wpcf7-form-control wpcf7-text wpcf7-validates-as-required\" aria-required=\"true\" aria-invalid=\"false\" placeholder=\"C\u00e9gn\u00e9v*\" value=\"\" type=\"text\" name=\"company\" \/><\/span>\n  <\/div>\n\n  <div class=\"col-lg-6 col-md-6 col-xs-12\" style=\"margin-bottom:20px;\"><span class=\"wpcf7-form-control-wrap\" data-name=\"your-email\"><input size=\"40\" maxlength=\"400\" class=\"wpcf7-form-control wpcf7-email wpcf7-validates-as-required wpcf7-text wpcf7-validates-as-email\" aria-required=\"true\" aria-invalid=\"false\" placeholder=\"E-mail*\" value=\"\" type=\"email\" name=\"your-email\" \/><\/span>\n  <\/div>\n\n  <div class=\"col-lg-6 col-md-6 col-xs-12\" style=\"margin-bottom:20px;\"><span class=\"wpcf7-form-control-wrap\" data-name=\"tel-486\"><input size=\"40\" maxlength=\"400\" class=\"wpcf7-form-control wpcf7-tel wpcf7-validates-as-required wpcf7-text wpcf7-validates-as-tel\" aria-required=\"true\" aria-invalid=\"false\" placeholder=\"Telefon*\" value=\"\" type=\"tel\" name=\"tel-486\" \/><\/span>\n  <\/div>\n\n  <div class=\"col-lg-12 col-md-12 col-xs-12\" style=\"margin-bottom:20px; justify-content: center;\"><p>Prefer\u00e1lt kapcsolatfelv\u00e9teli m\u00f3d*<\/p> <span class=\"wpcf7-form-control-wrap\" data-name=\"kapcsolati_mod\"><span class=\"wpcf7-form-control wpcf7-radio\"><span class=\"wpcf7-list-item first\"><label><input type=\"radio\" name=\"kapcsolati_mod\" value=\"E-mail\" checked=\"checked\" \/><span class=\"wpcf7-list-item-label\">E-mail<\/span><\/label><\/span><span class=\"wpcf7-list-item last\"><label><input type=\"radio\" name=\"kapcsolati_mod\" value=\"Telefon\" \/><span class=\"wpcf7-list-item-label\">Telefon<\/span><\/label><\/span><\/span><\/span>\n  <\/div>\n     \n  <div class=\"col-lg-12 col-md-12 col-xs-12\" style=\"margin-bottom:20px;\"><span class=\"wpcf7-form-control-wrap\" data-name=\"your-message\"><input size=\"40\" maxlength=\"400\" class=\"wpcf7-form-control wpcf7-text\" aria-invalid=\"false\" placeholder=\"\u00dczenet\" value=\"\" type=\"text\" name=\"your-message\" \/><\/span>\n  <\/div>\n\n  <div class=\"col-lg-12 col-md-12 col-xs-12\" style=\"margin-bottom:40px; justify-content: center;\"><span class=\"wpcf7-form-control-wrap\" data-name=\"acceptance-816\"><span class=\"wpcf7-form-control wpcf7-acceptance\"><span class=\"wpcf7-list-item\"><label><input type=\"checkbox\" name=\"acceptance-816\" value=\"1\" aria-invalid=\"false\" \/><span class=\"wpcf7-list-item-label\"><a href=\"https:\/\/control1.webempire.hu\/wp-content\/uploads\/2026\/03\/Adatkezelesi-tajekoztato_HU.pdf\">Adatv\u00e9delmi t\u00e1j\u00e9koztat\u00f3t elfogadom.<\/a><\/span><\/label><\/span><\/span><\/span>\n  <\/div>\n  \n  <div class=\"col-lg-6 col-md-6 col-xs-6\" style=\"display: flex; justify-content: center;\"><input class=\"wpcf7-form-control wpcf7-submit has-spinner\" type=\"submit\" value=\"K\u00fcld\u00e9s\" \/>\n  <\/div>\n\n<\/div><div class=\"wpcf7-response-output\" aria-hidden=\"true\"><\/div>\n<\/form>\n<\/div>\n[\/vc_column_inner][\/vc_row_inner][\/vc_column][\/vc_row]<\/p>\n<\/div>","protected":false},"excerpt":{"rendered":"<p>[vc_row][vc_column][\/vc_column][\/vc_row][vc_row equal_height=&#8221;yes&#8221; css=&#8221;.vc_custom_1769414357829{padding-right: 40px !important;padding-left: 40px !important;}&#8221;][vc_column css=&#8221;.vc_custom_1765357202064{margin-right: 5px !important;margin-left:&#8230;<\/p>\n","protected":false},"author":1,"featured_media":0,"parent":0,"menu_order":0,"comment_status":"closed","ping_status":"closed","template":"","meta":{"footnotes":""},"class_list":["post-14095","page","type-page","status-publish"],"yoast_head":"<!-- This site is optimized with the Yoast SEO plugin v27.2 - https:\/\/yoast.com\/product\/yoast-seo-wordpress\/ -->\n<title>Cikkek - Control1 %kontroller %kontrolling %p\u00e9nz\u00fcgyi tan\u00e1csad\u00e1s<\/title>\n<meta name=\"description\" content=\"Kontroller cikkek szak\u00e9rt\u0151i tippekkel: p\u00e9nz\u00fcgyi elemz\u00e9s, k\u00f6lts\u00e9goptimaliz\u00e1l\u00e1s \u00e9s nyeres\u00e9gn\u00f6vel\u00e9s a gyakorlatban.\" \/>\n<meta name=\"robots\" content=\"index, follow, max-snippet:-1, max-image-preview:large, max-video-preview:-1\" \/>\n<link rel=\"canonical\" href=\"https:\/\/control1.webempire.hu\/?page_id=14095\" \/>\n<meta property=\"og:locale\" content=\"hu_HU\" \/>\n<meta property=\"og:type\" content=\"article\" \/>\n<meta property=\"og:title\" content=\"Control1\" \/>\n<meta property=\"og:description\" content=\"Kontroller cikkek szak\u00e9rt\u0151i tippekkel: p\u00e9nz\u00fcgyi elemz\u00e9s, k\u00f6lts\u00e9goptimaliz\u00e1l\u00e1s \u00e9s nyeres\u00e9gn\u00f6vel\u00e9s a gyakorlatban.\" \/>\n<meta property=\"og:url\" content=\"https:\/\/control1.webempire.hu\/?page_id=14095\" \/>\n<meta property=\"og:site_name\" content=\"Control1\" \/>\n<meta property=\"article:publisher\" content=\"https:\/\/www.facebook.com\/control1.hu\/\" \/>\n<meta property=\"article:modified_time\" content=\"2026-03-19T09:15:37+00:00\" \/>\n<meta property=\"og:image\" content=\"https:\/\/control1.webempire.hu\/wp-content\/uploads\/2026\/03\/Control1_yeost.jpg\" \/>\n\t<meta property=\"og:image:width\" content=\"1200\" \/>\n\t<meta property=\"og:image:height\" content=\"630\" \/>\n\t<meta property=\"og:image:type\" content=\"image\/jpeg\" \/>\n<meta name=\"twitter:card\" content=\"summary_large_image\" \/>\n<meta name=\"twitter:label1\" content=\"Becs\u00fclt olvas\u00e1si id\u0151\" \/>\n\t<meta name=\"twitter:data1\" content=\"1 perc\" \/>\n<script type=\"application\/ld+json\" class=\"yoast-schema-graph\">{\"@context\":\"https:\/\/schema.org\",\"@graph\":[{\"@type\":\"WebPage\",\"@id\":\"https:\/\/control1.webempire.hu\/?page_id=14095\",\"url\":\"https:\/\/control1.webempire.hu\/?page_id=14095\",\"name\":\"Cikkek - Control1 %kontroller %kontrolling %p\u00e9nz\u00fcgyi tan\u00e1csad\u00e1s\",\"isPartOf\":{\"@id\":\"https:\/\/control1.webempire.hu\/#website\"},\"datePublished\":\"2026-02-20T17:37:24+00:00\",\"dateModified\":\"2026-03-19T09:15:37+00:00\",\"description\":\"Kontroller cikkek szak\u00e9rt\u0151i tippekkel: p\u00e9nz\u00fcgyi elemz\u00e9s, k\u00f6lts\u00e9goptimaliz\u00e1l\u00e1s \u00e9s nyeres\u00e9gn\u00f6vel\u00e9s a gyakorlatban.\",\"breadcrumb\":{\"@id\":\"https:\/\/control1.webempire.hu\/?page_id=14095#breadcrumb\"},\"inLanguage\":\"hu\",\"potentialAction\":[{\"@type\":\"ReadAction\",\"target\":[\"https:\/\/control1.webempire.hu\/?page_id=14095\"]}]},{\"@type\":\"BreadcrumbList\",\"@id\":\"https:\/\/control1.webempire.hu\/?page_id=14095#breadcrumb\",\"itemListElement\":[{\"@type\":\"ListItem\",\"position\":1,\"name\":\"Kezd\u0151lap\",\"item\":\"https:\/\/control1.webempire.hu\/\"},{\"@type\":\"ListItem\",\"position\":2,\"name\":\"Cikkek\"}]},{\"@type\":\"WebSite\",\"@id\":\"https:\/\/control1.webempire.hu\/#website\",\"url\":\"https:\/\/control1.webempire.hu\/\",\"name\":\"Control1\",\"description\":\"P\u00e9nz\u00fcgyi megold\u00e1s c\u00e9geknek, v\u00e1llalkoz\u00f3knak\",\"publisher\":{\"@id\":\"https:\/\/control1.webempire.hu\/#organization\"},\"potentialAction\":[{\"@type\":\"SearchAction\",\"target\":{\"@type\":\"EntryPoint\",\"urlTemplate\":\"https:\/\/control1.webempire.hu\/?s={search_term_string}\"},\"query-input\":{\"@type\":\"PropertyValueSpecification\",\"valueRequired\":true,\"valueName\":\"search_term_string\"}}],\"inLanguage\":\"hu\"},{\"@type\":\"Organization\",\"@id\":\"https:\/\/control1.webempire.hu\/#organization\",\"name\":\"Control1\",\"url\":\"https:\/\/control1.webempire.hu\/\",\"logo\":{\"@type\":\"ImageObject\",\"inLanguage\":\"hu\",\"@id\":\"https:\/\/control1.webempire.hu\/#\/schema\/logo\/image\/\",\"url\":\"https:\/\/control1.webempire.hu\/wp-content\/uploads\/2025\/11\/logo_control1-scaled.png\",\"contentUrl\":\"https:\/\/control1.webempire.hu\/wp-content\/uploads\/2025\/11\/logo_control1-scaled.png\",\"width\":2560,\"height\":692,\"caption\":\"Control1\"},\"image\":{\"@id\":\"https:\/\/control1.webempire.hu\/#\/schema\/logo\/image\/\"},\"sameAs\":[\"https:\/\/www.facebook.com\/control1.hu\/\",\"https:\/\/www.linkedin.com\/company\/control1\"]}]}<\/script>\n<!-- \/ Yoast SEO plugin. -->","yoast_head_json":{"title":"Cikkek - Control1 %kontroller %kontrolling %p\u00e9nz\u00fcgyi tan\u00e1csad\u00e1s","description":"Kontroller cikkek szak\u00e9rt\u0151i tippekkel: p\u00e9nz\u00fcgyi elemz\u00e9s, k\u00f6lts\u00e9goptimaliz\u00e1l\u00e1s \u00e9s nyeres\u00e9gn\u00f6vel\u00e9s a gyakorlatban.","robots":{"index":"index","follow":"follow","max-snippet":"max-snippet:-1","max-image-preview":"max-image-preview:large","max-video-preview":"max-video-preview:-1"},"canonical":"https:\/\/control1.webempire.hu\/?page_id=14095","og_locale":"hu_HU","og_type":"article","og_title":"Control1","og_description":"Kontroller cikkek szak\u00e9rt\u0151i tippekkel: p\u00e9nz\u00fcgyi elemz\u00e9s, k\u00f6lts\u00e9goptimaliz\u00e1l\u00e1s \u00e9s nyeres\u00e9gn\u00f6vel\u00e9s a gyakorlatban.","og_url":"https:\/\/control1.webempire.hu\/?page_id=14095","og_site_name":"Control1","article_publisher":"https:\/\/www.facebook.com\/control1.hu\/","article_modified_time":"2026-03-19T09:15:37+00:00","og_image":[{"width":1200,"height":630,"url":"https:\/\/control1.webempire.hu\/wp-content\/uploads\/2026\/03\/Control1_yeost.jpg","type":"image\/jpeg"}],"twitter_card":"summary_large_image","twitter_misc":{"Becs\u00fclt olvas\u00e1si id\u0151":"1 perc"},"schema":{"@context":"https:\/\/schema.org","@graph":[{"@type":"WebPage","@id":"https:\/\/control1.webempire.hu\/?page_id=14095","url":"https:\/\/control1.webempire.hu\/?page_id=14095","name":"Cikkek - Control1 %kontroller %kontrolling %p\u00e9nz\u00fcgyi tan\u00e1csad\u00e1s","isPartOf":{"@id":"https:\/\/control1.webempire.hu\/#website"},"datePublished":"2026-02-20T17:37:24+00:00","dateModified":"2026-03-19T09:15:37+00:00","description":"Kontroller cikkek szak\u00e9rt\u0151i tippekkel: p\u00e9nz\u00fcgyi elemz\u00e9s, k\u00f6lts\u00e9goptimaliz\u00e1l\u00e1s \u00e9s nyeres\u00e9gn\u00f6vel\u00e9s a gyakorlatban.","breadcrumb":{"@id":"https:\/\/control1.webempire.hu\/?page_id=14095#breadcrumb"},"inLanguage":"hu","potentialAction":[{"@type":"ReadAction","target":["https:\/\/control1.webempire.hu\/?page_id=14095"]}]},{"@type":"BreadcrumbList","@id":"https:\/\/control1.webempire.hu\/?page_id=14095#breadcrumb","itemListElement":[{"@type":"ListItem","position":1,"name":"Kezd\u0151lap","item":"https:\/\/control1.webempire.hu\/"},{"@type":"ListItem","position":2,"name":"Cikkek"}]},{"@type":"WebSite","@id":"https:\/\/control1.webempire.hu\/#website","url":"https:\/\/control1.webempire.hu\/","name":"Control1","description":"P\u00e9nz\u00fcgyi megold\u00e1s c\u00e9geknek, v\u00e1llalkoz\u00f3knak","publisher":{"@id":"https:\/\/control1.webempire.hu\/#organization"},"potentialAction":[{"@type":"SearchAction","target":{"@type":"EntryPoint","urlTemplate":"https:\/\/control1.webempire.hu\/?s={search_term_string}"},"query-input":{"@type":"PropertyValueSpecification","valueRequired":true,"valueName":"search_term_string"}}],"inLanguage":"hu"},{"@type":"Organization","@id":"https:\/\/control1.webempire.hu\/#organization","name":"Control1","url":"https:\/\/control1.webempire.hu\/","logo":{"@type":"ImageObject","inLanguage":"hu","@id":"https:\/\/control1.webempire.hu\/#\/schema\/logo\/image\/","url":"https:\/\/control1.webempire.hu\/wp-content\/uploads\/2025\/11\/logo_control1-scaled.png","contentUrl":"https:\/\/control1.webempire.hu\/wp-content\/uploads\/2025\/11\/logo_control1-scaled.png","width":2560,"height":692,"caption":"Control1"},"image":{"@id":"https:\/\/control1.webempire.hu\/#\/schema\/logo\/image\/"},"sameAs":["https:\/\/www.facebook.com\/control1.hu\/","https:\/\/www.linkedin.com\/company\/control1"]}]}},"_links":{"self":[{"href":"https:\/\/control1.webempire.hu\/index.php?rest_route=\/wp\/v2\/pages\/14095","targetHints":{"allow":["GET"]}}],"collection":[{"href":"https:\/\/control1.webempire.hu\/index.php?rest_route=\/wp\/v2\/pages"}],"about":[{"href":"https:\/\/control1.webempire.hu\/index.php?rest_route=\/wp\/v2\/types\/page"}],"author":[{"embeddable":true,"href":"https:\/\/control1.webempire.hu\/index.php?rest_route=\/wp\/v2\/users\/1"}],"replies":[{"embeddable":true,"href":"https:\/\/control1.webempire.hu\/index.php?rest_route=%2Fwp%2Fv2%2Fcomments&post=14095"}],"version-history":[{"count":5,"href":"https:\/\/control1.webempire.hu\/index.php?rest_route=\/wp\/v2\/pages\/14095\/revisions"}],"predecessor-version":[{"id":14166,"href":"https:\/\/control1.webempire.hu\/index.php?rest_route=\/wp\/v2\/pages\/14095\/revisions\/14166"}],"wp:attachment":[{"href":"https:\/\/control1.webempire.hu\/index.php?rest_route=%2Fwp%2Fv2%2Fmedia&parent=14095"}],"curies":[{"name":"wp","href":"https:\/\/api.w.org\/{rel}","templated":true}]}}