{"id":13965,"date":"2026-01-26T09:23:49","date_gmt":"2026-01-26T09:23:49","guid":{"rendered":"https:\/\/control1.webempire.hu\/?page_id=13965"},"modified":"2026-03-19T09:13:56","modified_gmt":"2026-03-19T09:13:56","slug":"allasajanlatok","status":"publish","type":"page","link":"https:\/\/control1.webempire.hu\/?page_id=13965","title":{"rendered":"Karrier"},"content":{"rendered":"<div class=\"wpb-content-wrapper\"><p>[vc_row][vc_column]<div class=\"clearboth\"><\/div><style>#thegem-divider-69f59fe395faa {margin-top: 60px !important;}<\/style><div id=\"thegem-divider-69f59fe395faa\" class=\"gem-divider  \" style=\"\" ><\/div>[\/vc_column][\/vc_row][vc_row equal_height=&#8221;yes&#8221; css=&#8221;.vc_custom_1769414357829{padding-right: 40px !important;padding-left: 40px !important;}&#8221;][vc_column css=&#8221;.vc_custom_1765357202064{margin-right: 5px !important;margin-left: 5px !important;padding-right: 0px !important;padding-left: 0px !important;}&#8221;]<div class=\"clearboth\"><\/div><style>#thegem-divider-69f59fe396000 {margin-top: 60px !important;}<\/style><div id=\"thegem-divider-69f59fe396000\" class=\"gem-divider  \" style=\"\" ><\/div>[vc_column_text css=&#8221;&#8221;]<\/p>\n<h1 style=\"text-align: center;\">Karrier<\/h1>\n<p>[\/vc_column_text]<div class=\"clearboth\"><\/div><style>#thegem-divider-69f59fe39601e {margin-top: 60px !important;}<\/style><div id=\"thegem-divider-69f59fe39601e\" class=\"gem-divider  \" style=\"\" ><\/div><style>.portfolio.news-grid#style-1c1464e .portfolio-item:not(.size-item), .preloader#style-preloader-1c1464e .portfolio-item { padding: calc(42px\/2) !important; }.portfolio.news-grid#style-1c1464e .portfolio-item.size-item { padding: 0 calc(42px\/2) !important; }.portfolio.news-grid#style-1c1464e .portfolio-row, .preloader#style-preloader-1c1464e .skeleton-posts.portfolio-row { margin: calc(-42px\/2); }.portfolio.news-grid#style-1c1464e.fullwidth-columns .portfolio-row { margin: calc(-42px\/2) 0; }.portfolio.news-grid#style-1c1464e .fullwidth-block:not(.no-paddings) { padding-left: 42px; padding-right: 42px; }.portfolio.news-grid#style-1c1464e .fullwidth-block .portfolio-row { padding-left: calc(42px\/2); padding-right: calc(42px\/2); }.portfolio.news-grid#style-1c1464e .fullwidth-block .portfolio-top-panel { padding-left: 42px; padding-right: 42px; }.portfolio.news-grid#style-1c1464e.fullwidth-columns .with-filter-sidebar .filter-sidebar { padding-left: 42px; }.portfolio.news-grid#style-1c1464e.list-style.with-divider .portfolio-item .wrap:before { top: calc(-42px\/2); }.portfolio.news-grid#style-1c1464e .portfolio-item .caption .title span { letter-spacing: px !important; }<\/style><style>.portfolio.news-grid#style-1c1464e .portfolio-filters { text-align: center; }<\/style> <div class=\"portfolio-preloader-wrapper panel-sidebar-position-left\"> <div class=\"portfolio portfolio-grid extended-portfolio-grid news-grid no-padding portfolio-pagination-normal portfolio-style-justified background-style-transparent title-style-light hover-default title-on-page caption-position-page version-default loading-animation item-animation-move-up columns-2 columns-tablet-2 columns-mobile-1 disable-isotope \" id=\"style-1c1464e\" data-style-uid=\"1c1464e\" data-portfolio-uid=\"grid_a9c34ee\" data-current-page=\"1\" data-per-page=\"8\" data-next-page=\"0\" data-pages-count=\"1\" data-hover=\"default\" data-portfolio-filter=\"[]\" data-portfolio-filter-attributes=\"null\" data-portfolio-filter-status=\"null\" data-portfolio-filter-price=\"null\" data-portfolio-filter-search=\"\"> <div class=\"portfolio-row-outer \"> <div class=\"portfolio-top-panel filter-type-default selected-only\"> <div class=\"portfolio-top-panel-row filter-style-buttons\"> <div class=\"portfolio-top-panel-left\"><div class=\"portfolio-filter-item portfolio-selected-filters left\"> <div class=\"portfolio-selected-filter-item clear-filters\"> Clear Filters\t<\/div> <\/div> <\/div> <div class=\"portfolio-top-panel-right\"> <\/div> <\/div> <\/div> <div class=\"row portfolio-row\"> <div class=\"portfolio-set clearfix\" data-max-row-height=\"0\"> <div class=\"portfolio-item karrier-hu col-xs-12 col-sm-6 col-md-6 item-animations-not-inited show-caption-border post-has-author appearance-type- post-14067 post type-post status-publish format-standard has-post-thumbnail category-karrier-hu\" data-default-sort=\"0\" data-sort-date=\"1771605563\"> <div class=\"wrap clearfix\"> <div class=\"image post-14067 post type-post status-publish format-standard has-post-thumbnail category-karrier-hu\"> <div class=\"image-inner \"> <picture> <img src=\"https:\/\/control1.webempire.hu\/wp-content\/uploads\/2026\/05\/transparent-thegem-product-justified-square-xl.png\" width=\"700\" height=\"700\" class=\"attachment-thegem-product-justified-square-xl\" alt=\"Senior kontroller (remote)\" \/> <\/picture> <div class=\"post-featured-content\"><a href=\"https:\/\/control1.webempire.hu\/?p=14067\"> <picture> <source srcset=\"https:\/\/control1.webempire.hu\/wp-content\/uploads\/2026\/02\/control1_egyszeri_controlling_remote-thegem-product-justified-square-xl.jpg 1x\" sizes=\"100vw\"> <img src=\"https:\/\/control1.webempire.hu\/wp-content\/uploads\/2026\/02\/control1_egyszeri_controlling_remote-thegem-product-justified-square-xl.jpg\" width=\"700\" height=\"700\" class=\"img-responsive\" alt=\"control1_egyszeri_controlling_remote\" \/> <\/picture> <\/a><\/div> <\/div> <div class=\"overlay\"> <div class=\"overlay-circle\"><\/div> <div class=\"links-wrapper\"> <div class=\"links\"> <div class=\"caption\"> <a href=\"https:\/\/control1.webempire.hu\/?p=14067\" class=\"portfolio-item-link\"> <span class=\"screen-reader-text\">Senior kontroller (remote)<\/span> <\/a> <div class=\"description \"> <div class=\"subtitle\"> <span class=\"text-body\"><p>Olyan kontrollert keres\u00fcnk, aki magabiztosan mozog a sz\u00e1mok \u00e9s az emberek k\u00f6z\u00f6tt, k\u00e9pes \u00f6n\u00e1ll\u00f3an \u00e1tl\u00e1tni egy c\u00e9g m\u0171k\u00f6d\u00e9s\u00e9t, s\u0151t fel\u00e9p\u00edteni komplex kontrolling rendszereket ak\u00e1r null\u00e1r\u00f3l.<\/p>\n<\/span> <\/div> <\/div> <div class=\"post-author-outer\"> <div class=\"author\"> <span class=\"author-avatar\"><img alt='admin' src='https:\/\/secure.gravatar.com\/avatar\/81ce5094ffece03fc0201969f3d43c8e7027319be36a92ca94fa7570be66bb8e?s=50&#038;d=mm&#038;r=g' srcset='https:\/\/secure.gravatar.com\/avatar\/81ce5094ffece03fc0201969f3d43c8e7027319be36a92ca94fa7570be66bb8e?s=100&#038;d=mm&#038;r=g 2x' class='avatar avatar-50 photo' height='50' width='50' \/><\/span> <span class=\"author-name\">By <a href=\"https:\/\/control1.webempire.hu\" title=\"admin honlapj\u00e1nak megtekint\u00e9se\" rel=\"author external\">admin<\/a><\/span> <\/div> <\/div> <\/div> <\/div> <\/div> <\/div> <\/div> <div class=\"caption post-14067 post type-post status-publish format-standard has-post-thumbnail category-karrier-hu\"> <div class=\"post-date\">febru\u00e1r 20, 2026<\/div> <div class=\"title\"> <span class=\"title-h6 \"><a href=\"https:\/\/control1.webempire.hu\/?p=14067\" rel=\"bookmark\">Senior kontroller (remote)<\/a><\/span> <\/div> <div class=\"info\"> <a class=\"additional-meta\" data-filter-type=\"taxonomies\" data-attr=\"category\" data-filter=\"karrier-hu\">Karrier<\/a> <\/div> <\/div> <\/div> <\/div> <\/div><!-- .portflio-set --> <div class=\"portfolio-item-size-container\"> <div class=\"portfolio-item col-xs-12 col-sm-6 col-md-6 item-animations-not-inited show-caption-border post-has-author post-14067 post type-post status-publish format-standard has-post-thumbnail category-karrier-hu\"> <\/div> <\/div> <\/div><!-- .row--> <div class=\"portfolio-navigator gem-pagination\" style=\"display:none;\"> <a href=\"#\" role=\"button\" class=\"prev\" aria-label=\"Prev\"> <i class=\"default\"><\/i> <\/a> <div class=\"pages\"><\/div> <a href=\"#\" role=\"button\" class=\"next\" aria-label=\"Next\"> <i class=\"default\"><\/i> <\/a> <\/div> <\/div><!-- .full-width --> <\/div><!-- .portfolio--> <\/div><!-- .portfolio-preloader-wrapper--><div class=\"clearboth\"><\/div><style>#thegem-divider-69f59fe39a205 {margin-top: 60px !important;}<\/style><div id=\"thegem-divider-69f59fe39a205\" class=\"gem-divider  \" style=\"\" ><\/div>[\/vc_column][\/vc_row][vc_row full_width=&#8221;stretch_row&#8221; equal_height=&#8221;yes&#8221; css=&#8221;.vc_custom_1765359518417{margin-bottom: 0px !important;background-image: url(https:\/\/control1.webempire.hu\/wp-content\/uploads\/2025\/12\/testimonials_bg.jpg?id=13449) !important;}&#8221; el_id=&#8221;kapcsolat&#8221;][vc_column disable_custom_paddings_tablet=&#8221;true&#8221; disable_custom_paddings_mobile=&#8221;true&#8221; css=&#8221;.vc_custom_1765355500534{padding-right: 0px !important;padding-bottom: 60px !important;padding-left: 0px !important;}&#8221;]<div class=\"clearboth\"><\/div><style>#thegem-divider-69f59fe39a220 {margin-top: 70px !important;}<\/style><div id=\"thegem-divider-69f59fe39a220\" class=\"gem-divider  \" style=\"\" ><\/div>[vc_column_text css=&#8221;&#8221;]<\/p>\n<div class=\"title-h2\" style=\"text-align: center;\"><span style=\"color: #ffffff;\">L\u00e9pjen kapcsolatba vel\u00fcnk!<\/span><\/div>\n<p>[\/vc_column_text]<div class=\"clearboth\"><\/div><style>#thegem-divider-69f59fe39a230 {margin-top: 70px !important;}<\/style><div id=\"thegem-divider-69f59fe39a230\" class=\"gem-divider  \" style=\"\" ><\/div>[vc_row_inner][vc_column_inner width=&#8221;1\/6&#8243; css=&#8221;.vc_custom_1765359451656{background-position: center !important;background-repeat: no-repeat !important;background-size: cover !important;}&#8221;][\/vc_column_inner][vc_column_inner width=&#8221;2\/3&#8243;]\n<div class=\"wpcf7 no-js\" id=\"wpcf7-f14088-o1\" lang=\"en-US\" dir=\"ltr\" data-wpcf7-id=\"14088\">\n<div class=\"screen-reader-response\"><p role=\"status\" aria-live=\"polite\" aria-atomic=\"true\"><\/p> <ul><\/ul><\/div>\n<form action=\"\/index.php?rest_route=%2Fwp%2Fv2%2Fpages%2F13965#wpcf7-f14088-o1\" method=\"post\" class=\"wpcf7-form init\" aria-label=\"Contact form\" enctype=\"multipart\/form-data\" novalidate=\"novalidate\" data-status=\"init\">\n<fieldset class=\"hidden-fields-container\"><input type=\"hidden\" name=\"_wpcf7\" value=\"14088\" \/><input type=\"hidden\" name=\"_wpcf7_version\" value=\"6.1.5\" \/><input type=\"hidden\" name=\"_wpcf7_locale\" value=\"en_US\" \/><input type=\"hidden\" name=\"_wpcf7_unit_tag\" value=\"wpcf7-f14088-o1\" \/><input type=\"hidden\" name=\"_wpcf7_container_post\" value=\"0\" \/><input type=\"hidden\" name=\"_wpcf7_posted_data_hash\" value=\"\" \/>\n<\/fieldset>\n<div class=\"col-lg-6 col-md-6 col-xs-12\" style=\"margin-bottom:30px;\"> <p>N\u00e9v* <span class=\"wpcf7-form-control-wrap\" data-name=\"fname\"><input size=\"40\" maxlength=\"400\" class=\"wpcf7-form-control wpcf7-text wpcf7-validates-as-required\" aria-required=\"true\" aria-invalid=\"false\" placeholder=\"\" value=\"\" type=\"text\" name=\"fname\" \/><\/span><\/p><\/div>\n\n<div class=\"col-lg-6 col-md-6 col-xs-12\" style=\"margin-bottom:30px;\"> <p>Telefonsz\u00e1m* <span class=\"wpcf7-form-control-wrap\" data-name=\"phone\"><input size=\"40\" maxlength=\"400\" class=\"wpcf7-form-control wpcf7-tel wpcf7-validates-as-required wpcf7-text wpcf7-validates-as-tel\" aria-required=\"true\" aria-invalid=\"false\" placeholder=\"\" value=\"\" type=\"tel\" name=\"phone\" \/><\/span><\/p>\n<\/div>\n\n<div class=\"col-lg-6 col-md-6 col-xs-12\" style=\"margin-bottom:30px;\"> <p>\u00d6n\u00e9letrajz felt\u00f6lt\u00e9se*<br>\n<span class=\"wpcf7-form-control-wrap\" data-name=\"cv\"><input size=\"40\" class=\"wpcf7-form-control wpcf7-file wpcf7-validates-as-required\" accept=\".pdf,.doc,.docx\" aria-required=\"true\" aria-invalid=\"false\" type=\"file\" name=\"cv\" \/><\/span>\n<\/p>\n<\/div>\n\n<div class=\"col-lg-6 col-md-6 col-xs-12\" style=\"margin-bottom:30px;\"> <p>Motiv\u00e1ci\u00f3s lev\u00e9l felt\u00f6lt\u00e9se (opcion\u00e1lis)<br>\n<span class=\"wpcf7-form-control-wrap\" data-name=\"motivation\"><input size=\"40\" class=\"wpcf7-form-control wpcf7-file\" accept=\".pdf,.doc,.docx\" aria-invalid=\"false\" type=\"file\" name=\"motivation\" \/><\/span>\n<\/p>\n<\/div>\n\n<div class=\"col-lg-6 col-md-6 col-xs-12\" style=\"margin-bottom:30px;\"><span class=\"wpcf7-form-control-wrap\" data-name=\"adatvedelmi\"><span class=\"wpcf7-form-control wpcf7-acceptance optional\"><span class=\"wpcf7-list-item\"><label><input type=\"checkbox\" name=\"adatvedelmi\" value=\"1\" aria-invalid=\"false\" \/><span class=\"wpcf7-list-item-label\"><a href=\"https:\/\/control1.webempire.hu\/wp-content\/uploads\/2026\/03\/Adatkezelesi-tajekoztato_HU.pdf\">Adatv\u00e9delmi t\u00e1j\u00e9koztat\u00f3t elfogadom.<\/a><\/span><\/label><\/span><\/span><\/span><\/div>\n\n<input class=\"wpcf7-form-control wpcf7-submit has-spinner\" type=\"submit\" value=\"Jelentkez\u00e9s elk\u00fcld\u00e9se\" \/><div class=\"wpcf7-response-output\" aria-hidden=\"true\"><\/div>\n<\/form>\n<\/div>\n[\/vc_column_inner][vc_column_inner width=&#8221;1\/6&#8243;][\/vc_column_inner][\/vc_row_inner][\/vc_column][\/vc_row]<\/p>\n<\/div>","protected":false},"excerpt":{"rendered":"<p>[vc_row][vc_column][\/vc_column][\/vc_row][vc_row equal_height=&#8221;yes&#8221; css=&#8221;.vc_custom_1769414357829{padding-right: 40px !important;padding-left: 40px !important;}&#8221;][vc_column css=&#8221;.vc_custom_1765357202064{margin-right: 5px !important;margin-left:&#8230;<\/p>\n","protected":false},"author":1,"featured_media":0,"parent":0,"menu_order":0,"comment_status":"closed","ping_status":"closed","template":"","meta":{"footnotes":""},"class_list":["post-13965","page","type-page","status-publish"],"yoast_head":"<!-- This site is optimized with the Yoast SEO plugin v27.2 - https:\/\/yoast.com\/product\/yoast-seo-wordpress\/ -->\n<title>Karrier - Control1 %kontroller karrier %kontrolling<\/title>\n<meta name=\"description\" content=\"Ha szeretn\u00e9l val\u00f3di r\u00e1l\u00e1t\u00e1st adni c\u00e9gek p\u00e9nz\u00fcgyeire \u00e9s hozz\u00e1j\u00e1rulni a nyeres\u00e9g n\u00f6vel\u00e9s\u00e9hez, kontroller csapatunkban a helyed.\" \/>\n<meta name=\"robots\" content=\"index, follow, max-snippet:-1, max-image-preview:large, max-video-preview:-1\" \/>\n<link rel=\"canonical\" href=\"https:\/\/control1.webempire.hu\/?page_id=13965\" \/>\n<meta property=\"og:locale\" content=\"hu_HU\" \/>\n<meta property=\"og:type\" content=\"article\" \/>\n<meta property=\"og:title\" content=\"Control1\" \/>\n<meta property=\"og:description\" content=\"Ha szeretn\u00e9l val\u00f3di r\u00e1l\u00e1t\u00e1st adni c\u00e9gek p\u00e9nz\u00fcgyeire \u00e9s hozz\u00e1j\u00e1rulni a nyeres\u00e9g n\u00f6vel\u00e9s\u00e9hez, kontroller csapatunkban a helyed.\" \/>\n<meta property=\"og:url\" content=\"https:\/\/control1.webempire.hu\/?page_id=13965\" \/>\n<meta property=\"og:site_name\" content=\"Control1\" \/>\n<meta property=\"article:publisher\" content=\"https:\/\/www.facebook.com\/control1.hu\/\" \/>\n<meta property=\"article:modified_time\" content=\"2026-03-19T09:13:56+00:00\" \/>\n<meta property=\"og:image\" content=\"https:\/\/control1.webempire.hu\/wp-content\/uploads\/2026\/03\/Control1_yeost.jpg\" \/>\n\t<meta property=\"og:image:width\" content=\"1200\" \/>\n\t<meta property=\"og:image:height\" content=\"630\" \/>\n\t<meta property=\"og:image:type\" content=\"image\/jpeg\" \/>\n<meta name=\"twitter:card\" content=\"summary_large_image\" \/>\n<meta name=\"twitter:label1\" content=\"Becs\u00fclt olvas\u00e1si id\u0151\" \/>\n\t<meta name=\"twitter:data1\" content=\"1 perc\" \/>\n<script type=\"application\/ld+json\" class=\"yoast-schema-graph\">{\"@context\":\"https:\/\/schema.org\",\"@graph\":[{\"@type\":\"WebPage\",\"@id\":\"https:\/\/control1.webempire.hu\/?page_id=13965\",\"url\":\"https:\/\/control1.webempire.hu\/?page_id=13965\",\"name\":\"Karrier - Control1 %kontroller karrier %kontrolling\",\"isPartOf\":{\"@id\":\"https:\/\/control1.webempire.hu\/#website\"},\"datePublished\":\"2026-01-26T09:23:49+00:00\",\"dateModified\":\"2026-03-19T09:13:56+00:00\",\"description\":\"Ha szeretn\u00e9l val\u00f3di r\u00e1l\u00e1t\u00e1st adni c\u00e9gek p\u00e9nz\u00fcgyeire \u00e9s hozz\u00e1j\u00e1rulni a nyeres\u00e9g n\u00f6vel\u00e9s\u00e9hez, kontroller csapatunkban a helyed.\",\"breadcrumb\":{\"@id\":\"https:\/\/control1.webempire.hu\/?page_id=13965#breadcrumb\"},\"inLanguage\":\"hu\",\"potentialAction\":[{\"@type\":\"ReadAction\",\"target\":[\"https:\/\/control1.webempire.hu\/?page_id=13965\"]}]},{\"@type\":\"BreadcrumbList\",\"@id\":\"https:\/\/control1.webempire.hu\/?page_id=13965#breadcrumb\",\"itemListElement\":[{\"@type\":\"ListItem\",\"position\":1,\"name\":\"Kezd\u0151lap\",\"item\":\"https:\/\/control1.webempire.hu\/\"},{\"@type\":\"ListItem\",\"position\":2,\"name\":\"Karrier\"}]},{\"@type\":\"WebSite\",\"@id\":\"https:\/\/control1.webempire.hu\/#website\",\"url\":\"https:\/\/control1.webempire.hu\/\",\"name\":\"Control1\",\"description\":\"P\u00e9nz\u00fcgyi megold\u00e1s c\u00e9geknek, v\u00e1llalkoz\u00f3knak\",\"publisher\":{\"@id\":\"https:\/\/control1.webempire.hu\/#organization\"},\"potentialAction\":[{\"@type\":\"SearchAction\",\"target\":{\"@type\":\"EntryPoint\",\"urlTemplate\":\"https:\/\/control1.webempire.hu\/?s={search_term_string}\"},\"query-input\":{\"@type\":\"PropertyValueSpecification\",\"valueRequired\":true,\"valueName\":\"search_term_string\"}}],\"inLanguage\":\"hu\"},{\"@type\":\"Organization\",\"@id\":\"https:\/\/control1.webempire.hu\/#organization\",\"name\":\"Control1\",\"url\":\"https:\/\/control1.webempire.hu\/\",\"logo\":{\"@type\":\"ImageObject\",\"inLanguage\":\"hu\",\"@id\":\"https:\/\/control1.webempire.hu\/#\/schema\/logo\/image\/\",\"url\":\"https:\/\/control1.webempire.hu\/wp-content\/uploads\/2025\/11\/logo_control1-scaled.png\",\"contentUrl\":\"https:\/\/control1.webempire.hu\/wp-content\/uploads\/2025\/11\/logo_control1-scaled.png\",\"width\":2560,\"height\":692,\"caption\":\"Control1\"},\"image\":{\"@id\":\"https:\/\/control1.webempire.hu\/#\/schema\/logo\/image\/\"},\"sameAs\":[\"https:\/\/www.facebook.com\/control1.hu\/\",\"https:\/\/www.linkedin.com\/company\/control1\"]}]}<\/script>\n<!-- \/ Yoast SEO plugin. -->","yoast_head_json":{"title":"Karrier - Control1 %kontroller karrier %kontrolling","description":"Ha szeretn\u00e9l val\u00f3di r\u00e1l\u00e1t\u00e1st adni c\u00e9gek p\u00e9nz\u00fcgyeire \u00e9s hozz\u00e1j\u00e1rulni a nyeres\u00e9g n\u00f6vel\u00e9s\u00e9hez, kontroller csapatunkban a helyed.","robots":{"index":"index","follow":"follow","max-snippet":"max-snippet:-1","max-image-preview":"max-image-preview:large","max-video-preview":"max-video-preview:-1"},"canonical":"https:\/\/control1.webempire.hu\/?page_id=13965","og_locale":"hu_HU","og_type":"article","og_title":"Control1","og_description":"Ha szeretn\u00e9l val\u00f3di r\u00e1l\u00e1t\u00e1st adni c\u00e9gek p\u00e9nz\u00fcgyeire \u00e9s hozz\u00e1j\u00e1rulni a nyeres\u00e9g n\u00f6vel\u00e9s\u00e9hez, kontroller csapatunkban a helyed.","og_url":"https:\/\/control1.webempire.hu\/?page_id=13965","og_site_name":"Control1","article_publisher":"https:\/\/www.facebook.com\/control1.hu\/","article_modified_time":"2026-03-19T09:13:56+00:00","og_image":[{"width":1200,"height":630,"url":"https:\/\/control1.webempire.hu\/wp-content\/uploads\/2026\/03\/Control1_yeost.jpg","type":"image\/jpeg"}],"twitter_card":"summary_large_image","twitter_misc":{"Becs\u00fclt olvas\u00e1si id\u0151":"1 perc"},"schema":{"@context":"https:\/\/schema.org","@graph":[{"@type":"WebPage","@id":"https:\/\/control1.webempire.hu\/?page_id=13965","url":"https:\/\/control1.webempire.hu\/?page_id=13965","name":"Karrier - Control1 %kontroller karrier %kontrolling","isPartOf":{"@id":"https:\/\/control1.webempire.hu\/#website"},"datePublished":"2026-01-26T09:23:49+00:00","dateModified":"2026-03-19T09:13:56+00:00","description":"Ha szeretn\u00e9l val\u00f3di r\u00e1l\u00e1t\u00e1st adni c\u00e9gek p\u00e9nz\u00fcgyeire \u00e9s hozz\u00e1j\u00e1rulni a nyeres\u00e9g n\u00f6vel\u00e9s\u00e9hez, kontroller csapatunkban a helyed.","breadcrumb":{"@id":"https:\/\/control1.webempire.hu\/?page_id=13965#breadcrumb"},"inLanguage":"hu","potentialAction":[{"@type":"ReadAction","target":["https:\/\/control1.webempire.hu\/?page_id=13965"]}]},{"@type":"BreadcrumbList","@id":"https:\/\/control1.webempire.hu\/?page_id=13965#breadcrumb","itemListElement":[{"@type":"ListItem","position":1,"name":"Kezd\u0151lap","item":"https:\/\/control1.webempire.hu\/"},{"@type":"ListItem","position":2,"name":"Karrier"}]},{"@type":"WebSite","@id":"https:\/\/control1.webempire.hu\/#website","url":"https:\/\/control1.webempire.hu\/","name":"Control1","description":"P\u00e9nz\u00fcgyi megold\u00e1s c\u00e9geknek, v\u00e1llalkoz\u00f3knak","publisher":{"@id":"https:\/\/control1.webempire.hu\/#organization"},"potentialAction":[{"@type":"SearchAction","target":{"@type":"EntryPoint","urlTemplate":"https:\/\/control1.webempire.hu\/?s={search_term_string}"},"query-input":{"@type":"PropertyValueSpecification","valueRequired":true,"valueName":"search_term_string"}}],"inLanguage":"hu"},{"@type":"Organization","@id":"https:\/\/control1.webempire.hu\/#organization","name":"Control1","url":"https:\/\/control1.webempire.hu\/","logo":{"@type":"ImageObject","inLanguage":"hu","@id":"https:\/\/control1.webempire.hu\/#\/schema\/logo\/image\/","url":"https:\/\/control1.webempire.hu\/wp-content\/uploads\/2025\/11\/logo_control1-scaled.png","contentUrl":"https:\/\/control1.webempire.hu\/wp-content\/uploads\/2025\/11\/logo_control1-scaled.png","width":2560,"height":692,"caption":"Control1"},"image":{"@id":"https:\/\/control1.webempire.hu\/#\/schema\/logo\/image\/"},"sameAs":["https:\/\/www.facebook.com\/control1.hu\/","https:\/\/www.linkedin.com\/company\/control1"]}]}},"_links":{"self":[{"href":"https:\/\/control1.webempire.hu\/index.php?rest_route=\/wp\/v2\/pages\/13965","targetHints":{"allow":["GET"]}}],"collection":[{"href":"https:\/\/control1.webempire.hu\/index.php?rest_route=\/wp\/v2\/pages"}],"about":[{"href":"https:\/\/control1.webempire.hu\/index.php?rest_route=\/wp\/v2\/types\/page"}],"author":[{"embeddable":true,"href":"https:\/\/control1.webempire.hu\/index.php?rest_route=\/wp\/v2\/users\/1"}],"replies":[{"embeddable":true,"href":"https:\/\/control1.webempire.hu\/index.php?rest_route=%2Fwp%2Fv2%2Fcomments&post=13965"}],"version-history":[{"count":10,"href":"https:\/\/control1.webempire.hu\/index.php?rest_route=\/wp\/v2\/pages\/13965\/revisions"}],"predecessor-version":[{"id":14119,"href":"https:\/\/control1.webempire.hu\/index.php?rest_route=\/wp\/v2\/pages\/13965\/revisions\/14119"}],"wp:attachment":[{"href":"https:\/\/control1.webempire.hu\/index.php?rest_route=%2Fwp%2Fv2%2Fmedia&parent=13965"}],"curies":[{"name":"wp","href":"https:\/\/api.w.org\/{rel}","templated":true}]}}